{"id":258,"date":"2022-04-24T00:08:44","date_gmt":"2022-04-24T03:08:44","guid":{"rendered":"https:\/\/www.shareeducation.com.ar\/2026\/shareconvention\/?page_id=258"},"modified":"2026-03-30T11:27:40","modified_gmt":"2026-03-30T14:27:40","slug":"academic-committee","status":"publish","type":"page","link":"https:\/\/www.shareeducation.com.ar\/2026\/shareconvention\/academic-committee\/","title":{"rendered":"Academic Committee"},"content":{"rendered":"\t\t<div data-elementor-type=\"wp-page\" data-elementor-id=\"258\" class=\"elementor elementor-258\" data-elementor-settings=\"[]\">\n\t\t\t\t\t\t\t<div class=\"elementor-section-wrap\">\n\t\t\t\t\t\t\t<section class=\"elementor-section elementor-top-section elementor-element elementor-element-56aa9395 elementor-section-boxed elementor-section-height-default elementor-section-height-default\" data-id=\"56aa9395\" data-element_type=\"section\" data-settings=\"{&quot;background_background&quot;:&quot;classic&quot;}\">\n\t\t\t\t\t\t<div class=\"elementor-container elementor-column-gap-default\">\n\t\t\t\t\t<div class=\"elementor-column elementor-col-33 elementor-top-column elementor-element elementor-element-2189d4c0\" data-id=\"2189d4c0\" data-element_type=\"column\">\n\t\t\t<div class=\"elementor-widget-wrap elementor-element-populated\">\n\t\t\t\t\t\t\t\t<div class=\"elementor-element elementor-element-fe831bb elementor-widget elementor-widget-heading\" data-id=\"fe831bb\" data-element_type=\"widget\" data-widget_type=\"heading.default\">\n\t\t\t\t<div class=\"elementor-widget-container\">\n\t\t\t<h2 class=\"elementor-heading-title elementor-size-default\">Academic Committee<\/h2>\t\t<\/div>\n\t\t\t\t<\/div>\n\t\t\t\t\t<\/div>\n\t\t<\/div>\n\t\t\t\t<div class=\"elementor-column elementor-col-33 elementor-top-column elementor-element elementor-element-768207b6\" data-id=\"768207b6\" data-element_type=\"column\" data-settings=\"{&quot;background_background&quot;:&quot;classic&quot;}\">\n\t\t\t<div class=\"elementor-widget-wrap\">\n\t\t\t\t\t\t\t\t\t<\/div>\n\t\t<\/div>\n\t\t\t\t<div class=\"elementor-column elementor-col-33 elementor-top-column elementor-element elementor-element-4a44f47a\" data-id=\"4a44f47a\" data-element_type=\"column\" data-settings=\"{&quot;background_background&quot;:&quot;classic&quot;}\">\n\t\t\t<div class=\"elementor-widget-wrap elementor-element-populated\">\n\t\t\t\t\t\t\t\t<div class=\"elementor-element elementor-element-ca34eb7 elementor-widget elementor-widget-image\" data-id=\"ca34eb7\" data-element_type=\"widget\" data-widget_type=\"image.default\">\n\t\t\t\t<div class=\"elementor-widget-container\">\n\t\t\t\t\t\t\t\t\t\t\t\t\t\t\t<img loading=\"lazy\" decoding=\"async\" width=\"404\" height=\"273\" src=\"https:\/\/www.shareeducation.com.ar\/2026\/shareconvention\/wp-content\/uploads\/2022\/04\/shareconvention.jpg\" class=\"attachment-large size-large\" alt=\"\" srcset=\"https:\/\/www.shareeducation.com.ar\/2026\/shareconvention\/wp-content\/uploads\/2022\/04\/shareconvention.jpg 404w, https:\/\/www.shareeducation.com.ar\/2026\/shareconvention\/wp-content\/uploads\/2022\/04\/shareconvention-300x203.jpg 300w\" sizes=\"auto, (max-width: 404px) 100vw, 404px\" \/>\t\t\t\t\t\t\t\t\t\t\t\t\t\t\t<\/div>\n\t\t\t\t<\/div>\n\t\t\t\t\t<\/div>\n\t\t<\/div>\n\t\t\t\t\t\t\t<\/div>\n\t\t<\/section>\n\t\t\t\t<section class=\"elementor-section elementor-top-section elementor-element elementor-element-33a63b5 elementor-section-boxed elementor-section-height-default elementor-section-height-default\" data-id=\"33a63b5\" data-element_type=\"section\" data-settings=\"{&quot;background_background&quot;:&quot;classic&quot;}\">\n\t\t\t\t\t\t<div class=\"elementor-container elementor-column-gap-default\">\n\t\t\t\t\t<div class=\"elementor-column elementor-col-50 elementor-top-column elementor-element elementor-element-9443ff7\" data-id=\"9443ff7\" data-element_type=\"column\" data-settings=\"{&quot;background_background&quot;:&quot;classic&quot;}\">\n\t\t\t<div class=\"elementor-widget-wrap elementor-element-populated\">\n\t\t\t\t\t\t\t\t<div class=\"elementor-element elementor-element-5a9bab58 elementor-widget elementor-widget-text-editor\" data-id=\"5a9bab58\" data-element_type=\"widget\" data-widget_type=\"text-editor.default\">\n\t\t\t\t<div class=\"elementor-widget-container\">\n\t\t\t\t\t\t\t<div id=\"u40671-4\" class=\"clearfix colelem\" data-muse-temp-textcontainer-sizepolicy=\"true\" data-muse-temp-textcontainer-pinning=\"true\"><p>DIRECTOR<\/p><p><strong>Mag\u00edster Marina Kirac<\/strong><br \/>Universidad Nacional de Lan\u00fas<\/p><p>SECRETARY<\/p><p><strong>Doctora Maria Rosa Mucci<\/strong><br \/>Universidad Nacional de Quilmes<\/p><\/div>\t\t\t\t\t\t<\/div>\n\t\t\t\t<\/div>\n\t\t\t\t\t<\/div>\n\t\t<\/div>\n\t\t\t\t<div class=\"elementor-column elementor-col-50 elementor-top-column elementor-element elementor-element-b0b0d42\" data-id=\"b0b0d42\" data-element_type=\"column\" data-settings=\"{&quot;background_background&quot;:&quot;classic&quot;}\">\n\t\t\t<div class=\"elementor-widget-wrap elementor-element-populated\">\n\t\t\t\t\t\t\t\t<div class=\"elementor-element elementor-element-9d1ab26 elementor-widget elementor-widget-text-editor\" data-id=\"9d1ab26\" data-element_type=\"widget\" data-widget_type=\"text-editor.default\">\n\t\t\t\t<div class=\"elementor-widget-container\">\n\t\t\t\t\t\t\t<p>MEMBERS<\/p><p><strong>Licenciado Mart\u00edn Villarreal<\/strong><br \/>Universidad Nacional Scalabrini Ortiz<\/p><p><strong>Doctora Ana Mar\u00eda Rozzi de Bergel<\/strong><br \/>2014 SHARE Award to Scholarship and Achievement<\/p><p><strong>Mag\u00edster Oriel Villagarc\u00eda<\/strong><br \/>2015 SHARE Life Achievement Award<\/p><p><strong>Licenciada Cecilia Sassone<\/strong><br \/>Instituto de Ense\u00f1anza Superior<br \/>en Lenguas Vivas \u201cJuan R. Fern\u00e1ndez\u201d<br \/>2015 SHARE Innovation and Achievement Award<\/p><p><strong>Magister Mabel Gallo<\/strong><br \/>ARTESOL<br \/>2016 SHARE Life Achievement Award<\/p><p><strong>Magister Juan Carlos Udovin<\/strong><br \/>Inst. Sup. del Profesorado Cultural Brit\u00e1nico.<br \/>2016 SHARE Award to Entrepreneurship and Achievement<\/p><p><strong>Mag\u00edster Jennifer Verschoor<\/strong><br \/>2019 Innovation and Achievement Award<\/p><p><strong>Profesora Ana Laborde de Russo<\/strong><br \/>2016 SHARE Award to Innovation and Achievement<\/p><p><strong>Licenciada Martha Garc\u00eda Lorea<\/strong><br \/>2017 SHARE Life Achievenent Award<\/p>\t\t\t\t\t\t<\/div>\n\t\t\t\t<\/div>\n\t\t\t\t\t<\/div>\n\t\t<\/div>\n\t\t\t\t\t\t\t<\/div>\n\t\t<\/section>\n\t\t\t\t\t\t<\/div>\n\t\t\t\t\t<\/div>\n\t\t","protected":false},"excerpt":{"rendered":"<p>Academic Committee DIRECTOR Mag\u00edster Marina KiracUniversidad Nacional de Lan\u00fas SECRETARY Doctora Maria Rosa MucciUniversidad Nacional de Quilmes MEMBERS Licenciado Mart\u00edn VillarrealUniversidad Nacional Scalabrini Ortiz Doctora Ana Mar\u00eda Rozzi de Bergel2014 SHARE Award to Scholarship and Achievement Mag\u00edster Oriel Villagarc\u00eda2015 SHARE Life Achievement Award Licenciada Cecilia SassoneInstituto de Ense\u00f1anza Superioren Lenguas Vivas \u201cJuan R. Fern\u00e1ndez\u201d2015 SHARE [&hellip;]<\/p>\n","protected":false},"author":1,"featured_media":0,"parent":0,"menu_order":0,"comment_status":"closed","ping_status":"closed","template":"elementor_header_footer","meta":{"footnotes":""},"class_list":["post-258","page","type-page","status-publish","hentry"],"_links":{"self":[{"href":"https:\/\/www.shareeducation.com.ar\/2026\/shareconvention\/wp-json\/wp\/v2\/pages\/258","targetHints":{"allow":["GET"]}}],"collection":[{"href":"https:\/\/www.shareeducation.com.ar\/2026\/shareconvention\/wp-json\/wp\/v2\/pages"}],"about":[{"href":"https:\/\/www.shareeducation.com.ar\/2026\/shareconvention\/wp-json\/wp\/v2\/types\/page"}],"author":[{"embeddable":true,"href":"https:\/\/www.shareeducation.com.ar\/2026\/shareconvention\/wp-json\/wp\/v2\/users\/1"}],"replies":[{"embeddable":true,"href":"https:\/\/www.shareeducation.com.ar\/2026\/shareconvention\/wp-json\/wp\/v2\/comments?post=258"}],"version-history":[{"count":27,"href":"https:\/\/www.shareeducation.com.ar\/2026\/shareconvention\/wp-json\/wp\/v2\/pages\/258\/revisions"}],"predecessor-version":[{"id":2372,"href":"https:\/\/www.shareeducation.com.ar\/2026\/shareconvention\/wp-json\/wp\/v2\/pages\/258\/revisions\/2372"}],"wp:attachment":[{"href":"https:\/\/www.shareeducation.com.ar\/2026\/shareconvention\/wp-json\/wp\/v2\/media?parent=258"}],"curies":[{"name":"wp","href":"https:\/\/api.w.org\/{rel}","templated":true}]}}