{"id":1132,"date":"2023-05-06T14:48:47","date_gmt":"2023-05-06T17:48:47","guid":{"rendered":"https:\/\/www.shareeducation.com.ar\/2023\/shareconvention23\/?page_id=1132"},"modified":"2023-06-23T17:42:40","modified_gmt":"2023-06-23T20:42:40","slug":"registration","status":"publish","type":"page","link":"https:\/\/www.shareeducation.com.ar\/2023\/shareconvention23\/registration\/","title":{"rendered":"Registration"},"content":{"rendered":"\t\t<div data-elementor-type=\"wp-page\" data-elementor-id=\"1132\" class=\"elementor elementor-1132\" data-elementor-settings=\"[]\">\n\t\t\t\t\t\t\t<div class=\"elementor-section-wrap\">\n\t\t\t\t\t\t\t<section class=\"elementor-section elementor-top-section elementor-element elementor-element-56aa9395 elementor-section-boxed elementor-section-height-default elementor-section-height-default\" data-id=\"56aa9395\" data-element_type=\"section\" data-settings=\"{&quot;background_background&quot;:&quot;classic&quot;}\">\n\t\t\t\t\t\t<div class=\"elementor-container elementor-column-gap-default\">\n\t\t\t\t\t<div class=\"elementor-column elementor-col-33 elementor-top-column elementor-element elementor-element-2189d4c0\" data-id=\"2189d4c0\" data-element_type=\"column\">\n\t\t\t<div class=\"elementor-widget-wrap elementor-element-populated\">\n\t\t\t\t\t\t\t\t<div class=\"elementor-element elementor-element-fe831bb elementor-widget elementor-widget-heading\" data-id=\"fe831bb\" data-element_type=\"widget\" data-widget_type=\"heading.default\">\n\t\t\t\t<div class=\"elementor-widget-container\">\n\t\t\t<h2 class=\"elementor-heading-title elementor-size-default\">Registration<\/h2>\t\t<\/div>\n\t\t\t\t<\/div>\n\t\t\t\t\t<\/div>\n\t\t<\/div>\n\t\t\t\t<div class=\"elementor-column elementor-col-33 elementor-top-column elementor-element elementor-element-768207b6 elementor-hidden-tablet elementor-hidden-mobile\" data-id=\"768207b6\" data-element_type=\"column\" data-settings=\"{&quot;background_background&quot;:&quot;classic&quot;}\">\n\t\t\t<div class=\"elementor-widget-wrap\">\n\t\t\t\t\t\t\t\t\t<\/div>\n\t\t<\/div>\n\t\t\t\t<div class=\"elementor-column elementor-col-33 elementor-top-column elementor-element elementor-element-4a44f47a elementor-hidden-tablet elementor-hidden-mobile\" data-id=\"4a44f47a\" data-element_type=\"column\" data-settings=\"{&quot;background_background&quot;:&quot;classic&quot;}\">\n\t\t\t<div class=\"elementor-widget-wrap\">\n\t\t\t\t\t\t\t\t\t<\/div>\n\t\t<\/div>\n\t\t\t\t\t\t\t<\/div>\n\t\t<\/section>\n\t\t\t\t<section class=\"elementor-section elementor-top-section elementor-element elementor-element-33a63b5 elementor-section-content-middle elementor-section-boxed elementor-section-height-default elementor-section-height-default\" data-id=\"33a63b5\" data-element_type=\"section\" data-settings=\"{&quot;background_background&quot;:&quot;classic&quot;}\">\n\t\t\t\t\t\t<div class=\"elementor-container elementor-column-gap-default\">\n\t\t\t\t\t<div class=\"elementor-column elementor-col-100 elementor-top-column elementor-element elementor-element-9443ff7\" data-id=\"9443ff7\" data-element_type=\"column\" data-settings=\"{&quot;background_background&quot;:&quot;classic&quot;}\">\n\t\t\t<div class=\"elementor-widget-wrap elementor-element-populated\">\n\t\t\t\t\t\t\t\t<div class=\"elementor-element elementor-element-a39cb3a elementor-widget elementor-widget-image\" data-id=\"a39cb3a\" data-element_type=\"widget\" data-widget_type=\"image.default\">\n\t\t\t\t<div class=\"elementor-widget-container\">\n\t\t\t\t\t\t\t\t\t\t\t\t\t\t\t<img decoding=\"async\" width=\"413\" height=\"114\" src=\"https:\/\/www.shareeducation.com.ar\/2023\/shareconvention23\/wp-content\/uploads\/2023\/05\/logo-mercadopago2.png\" class=\"attachment-large size-large\" alt=\"\" srcset=\"https:\/\/www.shareeducation.com.ar\/2023\/shareconvention23\/wp-content\/uploads\/2023\/05\/logo-mercadopago2.png 413w, https:\/\/www.shareeducation.com.ar\/2023\/shareconvention23\/wp-content\/uploads\/2023\/05\/logo-mercadopago2-300x83.png 300w\" sizes=\"(max-width: 413px) 100vw, 413px\" \/>\t\t\t\t\t\t\t\t\t\t\t\t\t\t\t<\/div>\n\t\t\t\t<\/div>\n\t\t\t\t<div class=\"elementor-element elementor-element-f0866ce elementor-widget elementor-widget-heading\" data-id=\"f0866ce\" data-element_type=\"widget\" data-widget_type=\"heading.default\">\n\t\t\t\t<div class=\"elementor-widget-container\">\n\t\t\t<h2 class=\"elementor-heading-title elementor-size-default\">Hola! En breve ser\u00e1 redirgido hacia MercadoPago<\/h2>\t\t<\/div>\n\t\t\t\t<\/div>\n\t\t\t\t<div class=\"elementor-element elementor-element-0d8a6da elementor-widget elementor-widget-text-editor\" data-id=\"0d8a6da\" data-element_type=\"widget\" data-widget_type=\"text-editor.default\">\n\t\t\t\t<div class=\"elementor-widget-container\">\n\t\t\t\t\t\t\t<div id=\"u40671-4\" class=\"clearfix colelem\" data-muse-temp-textcontainer-sizepolicy=\"true\" data-muse-temp-textcontainer-pinning=\"true\"><p><strong>No olvide completar el formulario de inscripci\u00f3n una vez finalizado el pago.<\/strong> En caso de que experimente alg\u00fan inconveniente, por favor escr\u00edbanos a shareconvention@shareeducation.com.ar<\/p><\/div>\t\t\t\t\t\t<\/div>\n\t\t\t\t<\/div>\n\t\t\t\t<div class=\"elementor-element elementor-element-28bf3b0 elementor-align-center elementor-widget elementor-widget-button\" data-id=\"28bf3b0\" data-element_type=\"widget\" data-widget_type=\"button.default\">\n\t\t\t\t<div class=\"elementor-widget-container\">\n\t\t\t\t\t<div class=\"elementor-button-wrapper\">\n\t\t\t<a href=\"http:\/\/mpago.la\/2U8tDb5\" target=\"_blank\" class=\"elementor-button-link elementor-button elementor-size-sm elementor-animation-shrink\" role=\"button\">\n\t\t\t\t\t\t<span class=\"elementor-button-content-wrapper\">\n\t\t\t\t\t\t<span class=\"elementor-button-text\">Ir a Mercado Pago<\/span>\n\t\t<\/span>\n\t\t\t\t\t<\/a>\n\t\t<\/div>\n\t\t\t\t<\/div>\n\t\t\t\t<\/div>\n\t\t\t\t<div class=\"elementor-element elementor-element-3162abf elementor-widget elementor-widget-html\" data-id=\"3162abf\" data-element_type=\"widget\" data-widget_type=\"html.default\">\n\t\t\t\t<div class=\"elementor-widget-container\">\n\t\t\t<script>\n        \/\/Funci\u00f3n para redireccionar despu\u00e9s de 8 segundos a otra url\n      setTimeout(function () {\n        window.location.href = \"http:\/\/mpago.la\/2U8tDb5\";\n      }, 8000);\n    <\/script>\t\t<\/div>\n\t\t\t\t<\/div>\n\t\t\t\t\t<\/div>\n\t\t<\/div>\n\t\t\t\t\t\t\t<\/div>\n\t\t<\/section>\n\t\t\t\t\t\t<\/div>\n\t\t\t\t\t<\/div>\n\t\t","protected":false},"excerpt":{"rendered":"<p>Registration Hola! En breve ser\u00e1 redirgido hacia MercadoPago No olvide completar el formulario de inscripci\u00f3n una vez finalizado el pago. En caso de que experimente alg\u00fan inconveniente, por favor escr\u00edbanos a shareconvention@shareeducation.com.ar Ir a Mercado Pago<\/p>\n","protected":false},"author":1,"featured_media":0,"parent":0,"menu_order":0,"comment_status":"closed","ping_status":"closed","template":"elementor_header_footer","meta":{"footnotes":""},"class_list":["post-1132","page","type-page","status-publish","hentry"],"_links":{"self":[{"href":"https:\/\/www.shareeducation.com.ar\/2023\/shareconvention23\/wp-json\/wp\/v2\/pages\/1132","targetHints":{"allow":["GET"]}}],"collection":[{"href":"https:\/\/www.shareeducation.com.ar\/2023\/shareconvention23\/wp-json\/wp\/v2\/pages"}],"about":[{"href":"https:\/\/www.shareeducation.com.ar\/2023\/shareconvention23\/wp-json\/wp\/v2\/types\/page"}],"author":[{"embeddable":true,"href":"https:\/\/www.shareeducation.com.ar\/2023\/shareconvention23\/wp-json\/wp\/v2\/users\/1"}],"replies":[{"embeddable":true,"href":"https:\/\/www.shareeducation.com.ar\/2023\/shareconvention23\/wp-json\/wp\/v2\/comments?post=1132"}],"version-history":[{"count":31,"href":"https:\/\/www.shareeducation.com.ar\/2023\/shareconvention23\/wp-json\/wp\/v2\/pages\/1132\/revisions"}],"predecessor-version":[{"id":1195,"href":"https:\/\/www.shareeducation.com.ar\/2023\/shareconvention23\/wp-json\/wp\/v2\/pages\/1132\/revisions\/1195"}],"wp:attachment":[{"href":"https:\/\/www.shareeducation.com.ar\/2023\/shareconvention23\/wp-json\/wp\/v2\/media?parent=1132"}],"curies":[{"name":"wp","href":"https:\/\/api.w.org\/{rel}","templated":true}]}}