{"id":154,"date":"2022-04-23T22:07:08","date_gmt":"2022-04-24T01:07:08","guid":{"rendered":"http:\/\/www.shareeducation.com.ar\/2022\/eltshapes\/?page_id=154"},"modified":"2022-04-23T23:57:54","modified_gmt":"2022-04-24T02:57:54","slug":"principios-y-propositos","status":"publish","type":"page","link":"https:\/\/www.shareeducation.com.ar\/2022\/eltshapes\/principios-y-propositos\/","title":{"rendered":"Principios y propositos"},"content":{"rendered":"\t\t<div data-elementor-type=\"wp-page\" data-elementor-id=\"154\" class=\"elementor elementor-154\" data-elementor-settings=\"[]\">\n\t\t\t\t\t\t\t<div class=\"elementor-section-wrap\">\n\t\t\t\t\t\t\t<section class=\"elementor-section elementor-top-section elementor-element elementor-element-56aa9395 elementor-section-boxed elementor-section-height-default elementor-section-height-default\" data-id=\"56aa9395\" data-element_type=\"section\">\n\t\t\t\t\t\t<div class=\"elementor-container elementor-column-gap-default\">\n\t\t\t\t\t<div class=\"elementor-column elementor-col-33 elementor-top-column elementor-element elementor-element-2189d4c0\" data-id=\"2189d4c0\" data-element_type=\"column\">\n\t\t\t<div class=\"elementor-widget-wrap elementor-element-populated\">\n\t\t\t\t\t\t\t\t<div class=\"elementor-element elementor-element-fe831bb elementor-widget elementor-widget-heading\" data-id=\"fe831bb\" data-element_type=\"widget\" data-widget_type=\"heading.default\">\n\t\t\t\t<div class=\"elementor-widget-container\">\n\t\t\t<h2 class=\"elementor-heading-title elementor-size-default\">Declaraci\u00f3n Principios y Prop\u00f3sitos de la Congreso<\/h2>\t\t<\/div>\n\t\t\t\t<\/div>\n\t\t\t\t\t<\/div>\n\t\t<\/div>\n\t\t\t\t<div class=\"elementor-column elementor-col-33 elementor-top-column elementor-element elementor-element-768207b6\" data-id=\"768207b6\" data-element_type=\"column\" data-settings=\"{&quot;background_background&quot;:&quot;classic&quot;}\">\n\t\t\t<div class=\"elementor-widget-wrap\">\n\t\t\t\t\t\t\t\t\t<\/div>\n\t\t<\/div>\n\t\t\t\t<div class=\"elementor-column elementor-col-33 elementor-top-column elementor-element elementor-element-4a44f47a\" data-id=\"4a44f47a\" data-element_type=\"column\" data-settings=\"{&quot;background_background&quot;:&quot;classic&quot;}\">\n\t\t\t<div class=\"elementor-widget-wrap\">\n\t\t\t\t\t\t\t\t\t<\/div>\n\t\t<\/div>\n\t\t\t\t\t\t\t<\/div>\n\t\t<\/section>\n\t\t\t\t<section class=\"elementor-section elementor-top-section elementor-element elementor-element-33a63b5 elementor-section-boxed elementor-section-height-default elementor-section-height-default\" data-id=\"33a63b5\" data-element_type=\"section\">\n\t\t\t\t\t\t<div class=\"elementor-container elementor-column-gap-default\">\n\t\t\t\t\t<div class=\"elementor-column elementor-col-50 elementor-top-column elementor-element elementor-element-9443ff7\" data-id=\"9443ff7\" data-element_type=\"column\" data-settings=\"{&quot;background_background&quot;:&quot;classic&quot;}\">\n\t\t\t<div class=\"elementor-widget-wrap elementor-element-populated\">\n\t\t\t\t\t\t\t\t<div class=\"elementor-element elementor-element-5a9bab58 elementor-widget elementor-widget-text-editor\" data-id=\"5a9bab58\" data-element_type=\"widget\" data-widget_type=\"text-editor.default\">\n\t\t\t\t<div class=\"elementor-widget-container\">\n\t\t\t\t\t\t\t<div id=\"u40671-4\" class=\"clearfix colelem\" data-muse-temp-textcontainer-sizepolicy=\"true\" data-muse-temp-textcontainer-pinning=\"true\"><p><strong><span id=\"u1221-3\" class=\"titulo\">SON PROP\u00d3SITOS PERMANENTES DEL CONGRESO NACIONAL DE DESARROLLO PROFESIONAL PARA PROFESORES DE INGL\u00c9S<\/span><\/strong><\/p><\/div><p id=\"u1221-8\"><span id=\"u1221-7\" class=\"Estilo-de-car-cter-3\">1.-\u00a0Promover el desarrollo profesional de los docentes de Ingl\u00e9s y de Espa\u00f1ol como lengua extranjera de todos los niveles educativos de nuestro pa\u00eds.<\/span><\/p><p><span id=\"u1221-10\" class=\"Estilo-de-car-cter-3\">2.-\u00a0Incentivar la incorporaci\u00f3n de los estudiantes de las carreras de Profesorado, Licenciatura y Traductorado en Ingl\u00e9s a las actividades de complementaci\u00f3n curricular y desarrollo profesional docente.<\/span><\/p><p id=\"u1221-14\"><span id=\"u1221-13\" class=\"Estilo-de-car-cter-3\">3.-\u00a0Generar un \u00e1mbito propicio para la reflexi\u00f3n sobre la tarea docente y el intercambio de experiencias e investigaciones educativas que enriquezcan el desempe\u00f1o docente en el aula de Ingl\u00e9s.<\/span><\/p><p id=\"u1221-17\"><span id=\"u1221-16\" class=\"Estilo-de-car-cter-3\">4.-\u00a0Construir v\u00ednculos de sana camarader\u00eda entre docentes de Ingl\u00e9s y de Espa\u00f1ol como lengua extranjera de todas las universidades e institutos de formaci\u00f3n docente participantes.<\/span><\/p><p id=\"u1221-20\"><span id=\"u1221-19\" class=\"Estilo-de-car-cter-3\">5.-\u00a0Re-dimensionar el rol de la ense\u00f1anza de las lenguas extranjeras como instrumento para la construcci\u00f3n de la comprensi\u00f3n y la paz entre los pueblos y el crecimiento personal y social de todos los hombres.<\/span><\/p>\t\t\t\t\t\t<\/div>\n\t\t\t\t<\/div>\n\t\t\t\t\t<\/div>\n\t\t<\/div>\n\t\t\t\t<div class=\"elementor-column elementor-col-50 elementor-top-column elementor-element elementor-element-b0b0d42\" data-id=\"b0b0d42\" data-element_type=\"column\" data-settings=\"{&quot;background_background&quot;:&quot;classic&quot;}\">\n\t\t\t<div class=\"elementor-widget-wrap elementor-element-populated\">\n\t\t\t\t\t\t\t\t<div class=\"elementor-element elementor-element-9d1ab26 elementor-widget elementor-widget-text-editor\" data-id=\"9d1ab26\" data-element_type=\"widget\" data-widget_type=\"text-editor.default\">\n\t\t\t\t<div class=\"elementor-widget-container\">\n\t\t\t\t\t\t\t<p><span id=\"u1222\" class=\"Estilo-de-car-cter-3\">Entendemos que el ense\u00f1ar y aprender son derechos inalienables de todo ser humano y en tanto derechos del ciudadano est\u00e1n consagrados por la ley suprema de la Naci\u00f3n.<\/span><\/p><p><span id=\"u1222-4\" class=\"Estilo-de-car-cter-3\">Entendemos que el ejercicio de la docencia dentro de una sociedad organizada es una actividad profesional reglada por la ley<\/span><\/p><p><span id=\"u1222-7\" class=\"Estilo-de-car-cter-3\">Entendemos que es responsabilidad del Estado Nacional el disponer las normas para la formaci\u00f3n de maestros y profesores as\u00ed como para la formaci\u00f3n de otros profesionales para que cumplan en forma supletoria con la funci\u00f3n de ense\u00f1ar.<\/span><\/p><p><span id=\"u1222-10\" class=\"Estilo-de-car-cter-3\">Entendemos que las Universidades y los Institutos Superiores de Formaci\u00f3n Docente y T\u00e9cnica de Nivel Terciario de gesti\u00f3n estatal y de gesti\u00f3n privada son los \u00e1mbitos naturales en los que se desarrollan las carreras de formaci\u00f3n docente, cient\u00edfica, t\u00e9cnica\u00a0y tecnol\u00f3gica y de postgrado.<\/span><\/p><p><span id=\"u1222-13\" class=\"Estilo-de-car-cter-3\">Entendemos que las Universidades y los Institutos Superiores de Formaci\u00f3n Docente y T\u00e9cnica de Nivel Terciario de gesti\u00f3n estatal y de gesti\u00f3n privada son los \u00fanicos con potestad para el otorgamiento de t\u00edtulos para el ejercicio profesional de la docencia de acuerdo a derecho y que todo aquel que invoque o haga uso de dichos t\u00edtulos o con expresiones similares intentase confundir o enga\u00f1ar acerca de la real naturaleza de su formaci\u00f3n incurre en una grave falta de usurpaci\u00f3n de t\u00edtulos, honores y derechos.<\/span><\/p><p><span id=\"u1222-16\" class=\"Estilo-de-car-cter-3\">Entendemos que la funci\u00f3n espec\u00edfica de formador de docentes en cualquier tipo de contexto debe estar reservada para\u00a0su desempe\u00f1o por parte de profesionales docentes con la debida titulaci\u00f3n avalada por el Estado Nacional, con saberes acreditados al m\u00e1s alto grado posible de especializaci\u00f3n y con el ejercicio de la c\u00e1tedra universitaria o terciaria.<\/span><\/p><p><span id=\"u1222-19\" class=\"Estilo-de-car-cter-3\">Entendemos que es obligaci\u00f3n de todo docente y funci\u00f3n propia de las asociaciones profesionales de docentes el co-ayudar al Estado Nacional en el contralor del cumplimiento de la ley en cuanto al recto ejercicio de la docencia se refiere, alertando acerca de toda forma de ejercicio ilegal de la misma al conjunto de la sociedad y denunci\u00e1ndola ante las autoridades competentes.<\/span><\/p><p><span id=\"u1222-22\" class=\"Estilo-de-car-cter-3\">Entendemos que las reuniones de profesionales docentes tales como ateneos, seminarios, congresos, convenciones u otros que tengan como fin el perfeccionamiento de la funci\u00f3n de ense\u00f1ar y la difusi\u00f3n de la cultura y el conocimiento as\u00ed como las asociaciones profesionales de docentes deben contar con la direcci\u00f3n de profesionales id\u00f3neos de la docencia que cuenten con la correspondiente acreditaci\u00f3n legal de sus saberes.<\/span><\/p><p><span id=\"u1222-25\" class=\"Estilo-de-car-cter-3\">Entendemos que todo trabajo profesional docente ya sea como maestro de grado,director de centro educativo, conferencista, educador de otros docentes, entre otros debe gozar de una remuneraci\u00f3n justa que prestigie la labor de ense\u00f1ar y que la misma debe ser pactada libremente por las partes involucradas.<\/span><\/p><p><span id=\"u1222-28\" class=\"Estilo-de-car-cter-3\">Entendemos que la evaluaci\u00f3n de los docentes y su labor o trabajos\u00a0con cualquier fin que esta evaluaci\u00f3n sea administrada debe estar a cargo de otros docentes que acrediten por lo menos el mismo grado de formaci\u00f3n, especializaci\u00f3n y experiencia frente a las aulas y\/o en cargos\u00a0de direcci\u00f3n de establecimientos educativos que el docente objeto de la evaluaci\u00f3n.<\/span><\/p><p><span id=\"u1222-31\" class=\"Estilo-de-car-cter-3\">Entendemos que la elecci\u00f3n de la docencia como carrera profesional y el desarrollo de los estudios de grado y postgrado docente deben contar con el firme y decidido apoyo de la sociedad en su conjunto y muy especialmente de los colegas y futuros colegas y de las asociaciones profesionales docentes facilitando a los cursantes sus estudios b\u00e1sicos y de especializaci\u00f3n mediante la adopci\u00f3n de las pertinentes medidas de promoci\u00f3n y ayuda econ\u00f3mica y respaldo moral.<\/span><\/p>\t\t\t\t\t\t<\/div>\n\t\t\t\t<\/div>\n\t\t\t\t\t<\/div>\n\t\t<\/div>\n\t\t\t\t\t\t\t<\/div>\n\t\t<\/section>\n\t\t\t\t\t\t<\/div>\n\t\t\t\t\t<\/div>\n\t\t","protected":false},"excerpt":{"rendered":"<p>Declaraci\u00f3n Principios y Prop\u00f3sitos de la Congreso SON PROP\u00d3SITOS PERMANENTES DEL CONGRESO NACIONAL DE DESARROLLO PROFESIONAL PARA PROFESORES DE INGL\u00c9S 1.-\u00a0Promover el desarrollo profesional de los docentes de Ingl\u00e9s y de Espa\u00f1ol como lengua extranjera de todos los niveles educativos de nuestro pa\u00eds. 2.-\u00a0Incentivar la incorporaci\u00f3n de los estudiantes de las carreras de Profesorado, Licenciatura [&hellip;]<\/p>\n","protected":false},"author":1,"featured_media":0,"parent":0,"menu_order":0,"comment_status":"closed","ping_status":"closed","template":"elementor_header_footer","meta":{"footnotes":""},"class_list":["post-154","page","type-page","status-publish","hentry"],"_links":{"self":[{"href":"https:\/\/www.shareeducation.com.ar\/2022\/eltshapes\/wp-json\/wp\/v2\/pages\/154","targetHints":{"allow":["GET"]}}],"collection":[{"href":"https:\/\/www.shareeducation.com.ar\/2022\/eltshapes\/wp-json\/wp\/v2\/pages"}],"about":[{"href":"https:\/\/www.shareeducation.com.ar\/2022\/eltshapes\/wp-json\/wp\/v2\/types\/page"}],"author":[{"embeddable":true,"href":"https:\/\/www.shareeducation.com.ar\/2022\/eltshapes\/wp-json\/wp\/v2\/users\/1"}],"replies":[{"embeddable":true,"href":"https:\/\/www.shareeducation.com.ar\/2022\/eltshapes\/wp-json\/wp\/v2\/comments?post=154"}],"version-history":[{"count":62,"href":"https:\/\/www.shareeducation.com.ar\/2022\/eltshapes\/wp-json\/wp\/v2\/pages\/154\/revisions"}],"predecessor-version":[{"id":250,"href":"https:\/\/www.shareeducation.com.ar\/2022\/eltshapes\/wp-json\/wp\/v2\/pages\/154\/revisions\/250"}],"wp:attachment":[{"href":"https:\/\/www.shareeducation.com.ar\/2022\/eltshapes\/wp-json\/wp\/v2\/media?parent=154"}],"curies":[{"name":"wp","href":"https:\/\/api.w.org\/{rel}","templated":true}]}}